{"id":195,"date":"2020-10-16T00:57:14","date_gmt":"2020-10-16T05:57:14","guid":{"rendered":"https:\/\/retrogustofilms.com\/?page_id=195"},"modified":"2023-10-12T23:34:47","modified_gmt":"2023-10-13T04:34:47","slug":"la-fuerza-de-un-sueno","status":"publish","type":"page","link":"https:\/\/retrogustofilms.com\/es\/work\/la-fuerza-de-un-sueno\/","title":{"rendered":"Neisi: La fuerza de un sue\u00f1o"},"content":{"rendered":"<div data-elementor-type=\"wp-page\" data-elementor-id=\"195\" class=\"elementor elementor-195\">\n\t\t\t\t\t\t<section class=\"elementor-section elementor-top-section elementor-element elementor-element-8514d5f elementor-section-full_width elementor-section-stretched elementor-section-height-min-height elementor-reverse-widescreen elementor-reverse-tablet elementor-reverse-mobile elementor-section-height-default elementor-section-items-middle\" data-id=\"8514d5f\" data-element_type=\"section\" data-e-type=\"section\" data-settings=\"{&quot;stretch_section&quot;:&quot;section-stretched&quot;}\">\n\t\t\t\t\t\t<div class=\"elementor-container elementor-column-gap-no\">\n\t\t\t\t\t<div class=\"elementor-column elementor-col-100 elementor-top-column elementor-element elementor-element-992a3b0\" data-id=\"992a3b0\" data-element_type=\"column\" data-e-type=\"column\">\n\t\t\t<div class=\"elementor-widget-wrap elementor-element-populated\">\n\t\t\t\t\t\t<div class=\"elementor-element elementor-element-3c63770 elementor-widget elementor-widget-html\" data-id=\"3c63770\" data-element_type=\"widget\" data-e-type=\"widget\" data-widget_type=\"html.default\">\n\t\t\t\t<div class=\"elementor-widget-container\">\n\t\t\t\t\t<!DOCTYPE html>\r\n<html lang=\"en\">\r\n<head>\r\n\t<meta charset=\"UTF-8\">\r\n\t<meta name=\"viewport\" content=\"width=device-width, initial-scale=1.0\">\r\n\t<meta http-equiv=\"X-UA-Compatible\" content=\"ie=edge\">\r\n\t<title>Neisi: La fuerza de un sue\u00f1o | Retrogusto Films<\/title>\r\n\t<link rel=\"stylesheet\" href=\"https:\/\/retrogustofilms.com\/wp-includes\/neisi\/neisi.css\" type=\"text\/css\">\r\n<\/head>\r\n<body>\r\n    <div class=\"icons\">\r\n                    <a href=\"https:\/\/retrogustofilms.com\/\"><img decoding=\"async\" src=\"https:\/\/retrogustofilms.com\/wp-includes\/neisi\/arrow-icon.png\" alt=\"Regresar a Retrogusto\"><\/a>\r\n                    &nbsp;\r\n                    <a href=\"https:\/\/www.instagram.com\/neisi_lafuerzadeunsueno\/\" target=\"_blank\"><img decoding=\"async\" src=\"https:\/\/retrogustofilms.com\/wp-includes\/neisi\/ig-icon.png\" alt=\"\" ><\/a>\r\n                    <a href=\"https:\/\/www.facebook.com\/neisilafuerzadeunsueno\/\" target=\"_blank\"><img decoding=\"async\" src=\"https:\/\/retrogustofilms.com\/wp-includes\/neisi\/fb-icon.png\" alt=\"\" ><\/a>\r\n                    <a href=\"https:\/\/www.tiktok.com\/@neisi_lafuerzadeunsueno\" target=\"_blank\"><img decoding=\"async\" src=\"https:\/\/retrogustofilms.com\/wp-includes\/neisi\/tiktok-icon.png\" alt=\"\" ><\/a>\r\n                <\/div>\r\n\t<div class=\"arrow\">\r\n\t\t<img decoding=\"async\" src=\"https:\/\/retrogustofilms.com\/wp-includes\/neisi\/arrow.png\" alt=\"\">\r\n\t<\/div>\r\n\t<div id=\"fullPage\">\r\n\t\t<div class=\"section s1\">\r\n                \r\n\t\t\t\t<div class=\"logo\">\r\n\t\t\t\t\t<img decoding=\"async\" src=\"https:\/\/retrogustofilms.com\/wp-includes\/neisi\/logo.png\" alt=\"\">\r\n\t\t\t\t\t<p>Una pel\u00edcula dirigida por Daniel Y\u00e9pez Brito<\/p>\r\n\t\t\t\t<\/div>\r\n                <div class=\"bg\">\r\n                    <video class=\"background-video-principal\" autoplay loop muted>\r\n                        <source class=\"video1\" src=\"https:\/\/retrogustofilms.com\/wp-includes\/neisi\/bg-principal.webm\" type=\"video\/mp4\">\r\n                    <\/video>\r\n                <\/div>\r\n               \r\n               \r\n                \r\n\t\t<\/div>\r\n\t\t<div class=\"section s2\">\r\n\t\t\t<div class=\"row\">\r\n\t\t\t\t<div class=\"column2\">\r\n\t\t\t\t\t<div class=\"button2\">\r\n\t\t\t\t\t\t<h1>PREMIOS<\/h1>\r\n\t\t\t\t\t<\/div>\r\n\t\t\t<video class=\"background-video\" autoplay loop muted>\r\n\t\t\t\t<source src=\"https:\/\/retrogustofilms.com\/wp-includes\/neisi\/bg-2.webm\" type=\"video\/mp4\">\r\n\t\t\t<\/video>\r\n\t\t\t\t<\/div>\r\n\t\t\t<\/div>\r\n\t\t\t<div class=\"premios2\">\r\n\t\t\t\t<img decoding=\"async\" src=\"https:\/\/retrogustofilms.com\/wp-includes\/neisi\/premios-movil.png\" alt=\"\">\r\n\t\t\t   \r\n\t\t\t<\/div>\r\n\t\t\t<div class=\"premios\">\r\n\t\t\t\t<img decoding=\"async\" src=\"https:\/\/retrogustofilms.com\/wp-includes\/neisi\/premios.png\" alt=\"\">\r\n\t\t\t<div class=\"premios-txt\">\r\n\t\t\t\t\t<p>Fondo para desarrollo de proyecto documental, \u201cInstituto de Cine y Creaci\u00f3n Audiovisual del Ecuador\u201d, ICCA, 2019\r\n\t\t\t\t\t\t<br> <br>\r\n\t\t\t\t\tFondo para producci\u00f3n de proyecto documental, \u201cInstituto de Fomento a la Creaci\u00f3n e Innovaci\u00f3n\u201d, IFCI 2021\r\n\t\t\t\t\t\t<br> <br>\r\n\t\t\t\t\tProducers Network, International Documentary Film Festival Amsterdam, IDFA 2020\r\n\t\t\t\t\t\t<br> <br>\r\n\t\t\t\t\tTaller Desarrollo Red EDOC \u201cEncuentros del otro cine\u201d, 2020\r\n\t\t\t\t<\/p>\r\n\t\t\t\t<\/div>\r\n\t\t\t   \r\n\t\t\t<\/div>\r\n\t\t\t\r\n\t\t<\/div>\r\n\t\t<div class=\"section s3\">\r\n\t\t\t<div class=\"preview-box\">\r\n\t\t\t\t<div class=\"details\">\r\n\t\t\t\t\t<span class=\"close\">&times;<\/span>\r\n\t\t\t\t<\/div>\r\n\t\t\t\t<div class=\"img-box\">\r\n\t\t\t\t\t\r\n\t\t\t\t\t<iframe src=\"https:\/\/player.vimeo.com\/video\/391906435?h=5e89ad747a&title=0&byline=0&portrait=0\" width=\"640\" height=\"600\" frameborder=\"0\" allow=\"autoplay; fullscreen; picture-in-picture\" allowfullscreen><\/iframe>                    <\/div>\r\n\t\t\t<\/div>\r\n\t\t\t<div class=\"row\">\r\n\t\t\t\t<div class=\"column\">\r\n\t\t\t\t\t<div class=\"button\">\r\n\t\t\t\t\t\t<h1>VER TRAILER<\/h1>\r\n\t\t\t\t\t<\/div>\r\n\t\t\t<video class=\"background-video\" autoplay loop muted>\r\n\t\t\t\t<source src=\"https:\/\/retrogustofilms.com\/wp-includes\/neisi\/bg-teaser.webm\" type=\"video\/mp4\">\r\n\t\t\t<\/video>\r\n\t\t\t\t<\/div>\r\n\t\t\t<\/div>\r\n\t\t<\/div>\r\n\t\t<div class=\"section s4\">\r\n\t\t\t<div class=\"logline\">\r\n\t\t\t\t<video class=\"background-video-logline\" autoplay loop muted>\r\n\t\t\t\t\t<source src=\"https:\/\/retrogustofilms.com\/wp-includes\/neisi\/bg-logline.webm\" type=\"video\/mp4\">\r\n\t\t\t\t<\/video>\r\n\t\t\t\t<h1>LOGLINE<\/h1>\r\n\t\t\t\t<p>La joven Neisi Dajomes y sus hermanos entrenan en un peque\u00f1o y sencillo gimnasio de halterofilia ubicado en un tranquilo y humilde pueblo del Ecuador. Ellos ven en el levantamiento de pesas una forma de vida y el gran incentivo para superarse d\u00eda a d\u00eda, para cumplir sus sue\u00f1os ol\u00edmpicos.<\/p>\r\n\t\t\t<\/div>\t\r\n\t\t<\/div>\r\n\t<div class=\"section s5\">\r\n\t\t<div class=\"sinopsis\">\r\n\t\t\t<video class=\"background-video-sinopsis\" autoplay muted>\r\n\t\t\t\t<source src=\"https:\/\/retrogustofilms.com\/wp-includes\/neisi\/bg-caras.webm\" type=\"video\/mp4\">\r\n\t\t\t<\/video>\r\n\t\t\t<h1>SINOPSIS<\/h1>\r\n\t\t\t<p>Neisi es hija de refugiados colombianos que llegaron a Ecuador huyendo de la violencia. Comenz\u00f3 a entrenar a una edad temprana, siguiendo los pasos de su hermano. Su entrenador descubri\u00f3 su potencial en una de las visitas de Neisi al gimnasio y como su madre no ten\u00eda los medios, decidi\u00f3 apoyarla, tanto en su entrenamiento como financieramente, llev\u00e1ndola a vivir con \u00e9l y pr\u00e1cticamente convirti\u00e9ndose en un padre para ella.\r\n\t\t\t<br> <br> \r\n\t\t\tEl 1 de agosto de 2021, despu\u00e9s de superar las dificultades y la muerte de sus amados\nhermano y madre, Neisi Dajomes se convirti\u00f3 en la primera mujer ecuatoriana en ganar\nuna Medalla Ol\u00edmpica, convirti\u00e9ndose as\u00ed en un ejemplo para todas las ni\u00f1as de este pa\u00eds y\nUn modelo a seguir para las personas de toda nuestra naci\u00f3n.\r\n\t\t<\/p>\r\n\t\t\t<\/div>\t\r\n\t<\/div>\r\n\t<div class=\"section s6\">\r\n\t\t<div class=\"ficha\">\r\n\t\t\t<video class=\"background-video-ficha\" autoplay loop muted>\r\n\t\t\t\t<source src=\"https:\/\/retrogustofilms.com\/wp-includes\/neisi\/bg-ficha-tecnica.webm\" type=\"video\/mp4\">\r\n\t\t\t<\/video>\r\n\t\t\t<h1>FICHA T\u00c9CNICA<\/h1>\r\n\t\t\t<p> \r\n\t\t\t\t<p1><b>T\u00edtulo del proyecto: <\/b>Neisi: La fuerza de un sue\u00f1o <\/p1>\r\n\t\t\t\t<br>\r\n\t\t\t\t<p1><b>G\u00e9nero: <\/b>Documental<\/p1>\r\n\t\t\t\t<br>\r\n\t\t\t\t<p2><b>Target: <\/b>TP Familiar<\/p2>\r\n\t\t\t\t<br>\r\n\t\t\t\t<p3><b>Ventana de exhibici\u00f3n: <\/b>Cine, televisi\u00f3n, plataformas digitales.<\/p3>\r\n\t\t\t\t<br>\r\n\t\t\t\t<p4><b>Duraci\u00f3n: <\/b>90 minutos<\/p4>\r\n\t\t\t\t<br>\r\n\t\t\t\t<p5><b>Pa\u00eds: <\/b>Ecuador<\/p5>\r\n\t\t\t\t<br>\r\n\t\t\t\t<p6><b>Director: <\/b>Daniel Y\u00e9pez Brito<\/p6>\r\n\t\t\t\t<br>\r\n\t\t\t\t<p7><b>Productor: <\/b>Irina L\u00f3pez Eldredge<\/p7>\r\n\t\t\t\t<br>\r\n\t\t\t\t<p8><b>Casa Productora: <\/b>Retrogusto Films<\/p8>\r\n\t\t\t<\/p>            \r\n\t\t<\/div>\r\n\t<\/div>\r\n\t<div class=\"section s7\">\r\n\t\t<div class=\"motivacion\">\r\n\t\t\t<video class=\"background-video-motivacion\" autoplay loop muted>\r\n\t\t\t\t<source src=\"https:\/\/retrogustofilms.com\/wp-includes\/neisi\/bg-motivacion.webm\" type=\"video\/mp4\">\r\n\t\t\t<\/video>\r\n\t\t\t<h1>MOTIVACI\u00d3N<\/h1>\r\n\t\t\t<p>\r\n\t\t\t\tDurante los \u00faltimos 7 a\u00f1os, hemos estado siguiendo la carrera y el desarrollo personal de Neisi, y ella se ha convertido en una verdadera inspiraci\u00f3n para todo nuestro equipo, debido a su profunda fe, convicci\u00f3n y fuerza. Es esta actitud ante la vida la que la ha llevado a conquistar tantas metas y convertirse en una hero\u00edna digna de destacar y emular. Por esta raz\u00f3n, tenemos un compromiso con ella y su familia, pero tambi\u00e9n con nuestra sociedad en general, para llevar esta historia a la pantalla grande y llegar a la mayor cantidad de personas posible con el mensaje \"los sue\u00f1os se hacen realidad si trabajas duro en ellos\", como lo ha hecho Neisi. \r\n\t\t\t<\/p>\r\n\r\n\t\t<\/div>\t\r\n\t<\/div>\r\n\t<div class=\"section s8\">\r\n\t\t<div class=\"bio-director\">\r\n\t\t\t<video class=\"background-video-directores\" autoplay loop muted>\r\n\t\t\t\t<source src=\"https:\/\/retrogustofilms.com\/wp-includes\/neisi\/bg-2.webm\" type=\"video\/mp4\">\r\n\t\t\t<\/video>\r\n\t\t\t<img decoding=\"async\" src=\"https:\/\/retrogustofilms.com\/wp-includes\/neisi\/daniel.jpg\" alt=\"\">\r\n\t\t\t<h1>BIOFILMOGRAF\u00cdA DEL DIRECTOR<\/h1>\r\n\t\t\t<p>\r\n\t\t\t\tDaniel Y\u00e9pez Brito es escritor, productor y director ecuatoriano de cine. Posee una maestr\u00eda en Humanidades: arte, cultura y literatura contempor\u00e1nea y desarrolla una maestr\u00eda en an\u00e1lisis pol\u00edtico.\r\n\t\t\t\t<br> <br>\r\n\t\t\t\tSus pel\u00edculas se han exhibido en m\u00e1s de 20 pa\u00edses y han sido presentadas en los principales festivales de cine como IDFA, Annecy, Cannes, FICCI, New York. Ha realizado los cortometrajes \u201cVida\u201d, \u201cEl recolector de im\u00e1genes\u201d y \u201cOvejas\u201d bajo la supervisi\u00f3n de cineastas como Abbas Kiarostami y Asghar Farhadi. En 2016 desarrolla el documental \u201c7 Muros\u201d, para la serie DOCTV Latinoam\u00e9rica. Ha ganado cuatro a\u00f1os consecutivos el Premio a las Artes y Ciencias del Municipio de Quito, con sus pel\u00edculas: 7 Muros (2016), Un a\u00f1o, una hora un deseo (2018), Ovejas (2019) y La rebeli\u00f3n de la memoria (2020), esta \u00faltima estrenada en la secci\u00f3n oficial del Festival Internacional de Cine Documental de Amsterdam. Ha producido el cortometraje de animaci\u00f3n Frontera y coproducido la serie de animaci\u00f3n Ugam\u00fa, ambos presentados en el Festival Internacional de Cine de Animaci\u00f3n de Annecy.\r\n\t\t\t\t<br> <br>\r\n\t\t\t\tActualmente produce el proyecto transmedia \u201cVitium\u201d, desarrolla el documental \u201cNeisi: La fuerza de un sue\u00f1o\u201d y adapta su libro \u201cEl Principito y el zorro de los Andes\u201d a un largometraje de animaci\u00f3n.\r\n\t\t\t<\/p>\r\n\r\n\t\t<\/div>\t\r\n\t<\/div>\r\n\t<div class=\"section s9\">\r\n\t\t<div class=\"bio-director\">\r\n\t\t\t<video class=\"background-video-directores\" autoplay loop muted>\r\n\t\t\t\t<source src=\"https:\/\/retrogustofilms.com\/wp-includes\/neisi\/bg-2.webm\" type=\"video\/mp4\">\r\n\t\t\t<\/video>\r\n\t\t\t\r\n\t\t\t<h1>BIOFILMOGRAF\u00cdA DE LA PRODUCTORA<\/h1>\r\n\t\t\t<p>\r\n\t\t\t\tIrina L\u00f3pez Eldredge es productora audiovisual y licenciada en Artes Esc\u00e9nicas.\r\n\t\t\t\t<br> <br>\r\n\t\t\t\tProdujo el cortometraje documental \u201cLa rebeli\u00f3n de la memoria\u201d de Daniel Y\u00e9pez Brito, estrenado en el Festival Internacional de Cine Documental de Amsterdam (IDFA - 2020). En 2019 produce y codirige el corto documental \u201cVeronica The Storyteller\u201d parte de la colecci\u00f3n Reel Earth y produce y dirige el corto documental \u201cCoca\u201d para la serie\u201d Local perspectives\u201d ambos para Compass Light Productions, ME, USA. En 2018 es Directora de casting para el largometraje brit\u00e1nico - ecuatoriano \u201c2 days in Quito\u201d, dirigido por Jammal Hepher. En 2017 realiza la producci\u00f3n local para la serie latinoamericana \u201cNuevo Mundo: Pintura callejera en Latinoam\u00e9rica\u201d, de la productora chilena Tercer Mundo, dirigida por Juan Tamayo y ganadora del fondo de Producci\u00f3n del Consejo Nacional de televisi\u00f3n de Chile 2015, Chiledoc Conecta 2016, DocMontevideo Pitching Series 2017. Produce y dirige la serie documental para T.V. \u201cSer Mujer\u201d (estreno 2016). Es gu\u00eda de producci\u00f3n del documental \u201c7 muros\u201d para Doctv Latinoam\u00e9rica, dirigido por Daniel Y\u00e9pez Brito, 2016. Es productora del documental \u201cDejarse llevar - Marlyn &amp; Stern en Ecuador\u201d (2013).\r\n\t\t\t\t<br> <br>\r\n\t\t\t\tEn la actualidad produce el largometraje documental \u201cNeisi: la fuerza de un sue\u00f1o\u201d, ganador de los fondos de desarrollo y producci\u00f3n del IFCI, y el largometraje de animaci\u00f3n \u201cEl Principito y el zorro de los Andes\u201d, ambos dirigidos por Daniel Y\u00e9pez Brito.\r\n\t\t\t<\/p>\r\n\t\t\t<img decoding=\"async\" src=\"https:\/\/retrogustofilms.com\/wp-includes\/neisi\/irina.jpg\" alt=\"\">\r\n\t\t<\/div>\t\r\n\t<\/div>\r\n\t<div class=\"section s10\">\r\n\t\t<div class=\"casa-productora\">\r\n\t\t\t<video class=\"background-video-casa-productora\" autoplay loop muted>\r\n\t\t\t\t<source src=\"https:\/\/retrogustofilms.com\/wp-includes\/neisi\/bg-2.webm\" type=\"video\/mp4\">\r\n\t\t\t<\/video>\r\n\t\t\t\r\n\t\t\t<h1>CASA PRODUCTORA<\/h1>\r\n\t\t\t<p>\r\n\t\t\t\tRetrogusto Films C\u00eda. Ltda. es una casa productora independiente con base en Quito, representaci\u00f3n en M\u00e9xico y Vancouver, que impulsa la creaci\u00f3n de contenidos audiovisuales de ficci\u00f3n y documental para cine, TV, organizaciones y empresas socialmente responsables. Est\u00e1 enfocada en proyectos originales para promover el entretenimiento, desarrollo y conocimiento social. \r\n\t\t\t\t<br> <br>\r\n\t\t\t\tTiene varias pel\u00edculas premiadas o seleccionadas en distintos festivales a nivel mundial.\r\n\t\t\t<\/p>\r\n\t\t\t<img decoding=\"async\" src=\"https:\/\/retrogustofilms.com\/wp-includes\/neisi\/retrogusto.png\" alt=\"\">\r\n\t\t<\/div>\t\r\n\t<\/div>\r\n\t<div class=\"section s11\">\r\n\t\t<div class=\"casa-productora\">\r\n\t\t\t<video class=\"background-video-footer\" autoplay loop muted>\r\n\t\t\t\t<source src=\"https:\/\/retrogustofilms.com\/wp-includes\/neisi\/footer.webm\" type=\"video\/mp4\">\r\n\t\t\t<\/video>\r\n\t\t\t<video class=\"background-video-footer-movil\" autoplay loop muted>\r\n\t\t\t\t<source src=\"https:\/\/retrogustofilms.com\/wp-includes\/neisi\/footer-movil.webm\" type=\"video\/mp4\">\r\n\t\t\t<\/video>\r\n\t\t<\/div>\t\r\n\t<\/div>\r\n\t<\/div>\r\n\t<script src=\"https:\/\/retrogustofilms.com\/wp-includes\/neisi\/lightbox.js\"><\/script>\r\n\t<script src=\"https:\/\/retrogustofilms.com\/wp-includes\/neisi\/fullpage2.js\"><\/script>\r\n\t<script>\r\n\t\tnew fullpage('#fullPage', {\r\n\t\t\tautoScrolling: true,\r\n\r\n\t\t})\r\n\t<\/script>\r\n\t\r\n<\/body>\r\n<\/html>\t\t\t\t<\/div>\n\t\t\t\t<\/div>\n\t\t\t\t\t<\/div>\n\t\t<\/div>\n\t\t\t\t\t<\/div>\n\t\t<\/section>\n\t\t\t\t<\/div>","protected":false},"excerpt":{"rendered":"Largometraje - Documental","protected":false},"author":2,"featured_media":404,"parent":156,"menu_order":0,"comment_status":"closed","ping_status":"closed","template":"elementor_canvas","meta":{"footnotes":""},"class_list":["post-195","page","type-page","status-publish","has-post-thumbnail","hentry","page_category-work"],"yoast_head":"<!-- This site is optimized with the Yoast SEO plugin v27.5 - https:\/\/yoast.com\/product\/yoast-seo-wordpress\/ -->\n<title>Neisi: La fuerza de un sue\u00f1o | Retrogusto Films<\/title>\n<meta name=\"robots\" content=\"index, follow, max-snippet:-1, max-image-preview:large, max-video-preview:-1\" \/>\n<link rel=\"canonical\" href=\"https:\/\/retrogustofilms.com\/es\/work\/la-fuerza-de-un-sueno\/\" \/>\n<meta property=\"og:locale\" content=\"es_ES\" \/>\n<meta property=\"og:type\" content=\"article\" \/>\n<meta property=\"og:title\" content=\"Neisi: La fuerza de un sue\u00f1o | Retrogusto Films\" \/>\n<meta property=\"og:description\" content=\"Feature Film - Documentary\" \/>\n<meta property=\"og:url\" content=\"https:\/\/retrogustofilms.com\/es\/work\/la-fuerza-de-un-sueno\/\" \/>\n<meta property=\"og:site_name\" content=\"Retrogusto Films\" \/>\n<meta property=\"article:publisher\" content=\"https:\/\/www.facebook.com\/retrogustofilms\" \/>\n<meta property=\"article:modified_time\" content=\"2023-10-13T04:34:47+00:00\" \/>\n<meta property=\"og:image\" content=\"https:\/\/retrogustofilms.com\/wp-content\/uploads\/2020\/11\/Shell-Tierra-de-Campeones-1024x576.png\" \/>\n\t<meta property=\"og:image:width\" content=\"1024\" \/>\n\t<meta property=\"og:image:height\" content=\"576\" \/>\n\t<meta property=\"og:image:type\" content=\"image\/png\" \/>\n<meta name=\"twitter:card\" content=\"summary_large_image\" \/>\n<meta name=\"twitter:site\" content=\"@RetrogustoFilms\" \/>\n<meta name=\"twitter:label1\" content=\"Est. reading time\" \/>\n\t<meta name=\"twitter:data1\" content=\"7 minutes\" \/>\n<script type=\"application\/ld+json\" class=\"yoast-schema-graph\">{\"@context\":\"https:\\\/\\\/schema.org\",\"@graph\":[{\"@type\":\"WebPage\",\"@id\":\"https:\\\/\\\/retrogustofilms.com\\\/work\\\/la-fuerza-de-un-sueno\\\/\",\"url\":\"https:\\\/\\\/retrogustofilms.com\\\/work\\\/la-fuerza-de-un-sueno\\\/\",\"name\":\"Neisi: La fuerza de un sue\u00f1o | Retrogusto Films\",\"isPartOf\":{\"@id\":\"https:\\\/\\\/retrogustofilms.com\\\/es\\\/#website\"},\"primaryImageOfPage\":{\"@id\":\"https:\\\/\\\/retrogustofilms.com\\\/work\\\/la-fuerza-de-un-sueno\\\/#primaryimage\"},\"image\":{\"@id\":\"https:\\\/\\\/retrogustofilms.com\\\/work\\\/la-fuerza-de-un-sueno\\\/#primaryimage\"},\"thumbnailUrl\":\"https:\\\/\\\/retrogustofilms.com\\\/wp-content\\\/uploads\\\/2020\\\/11\\\/Shell-Tierra-de-Campeones.png\",\"datePublished\":\"2020-10-16T05:57:14+00:00\",\"dateModified\":\"2023-10-13T04:34:47+00:00\",\"breadcrumb\":{\"@id\":\"https:\\\/\\\/retrogustofilms.com\\\/work\\\/la-fuerza-de-un-sueno\\\/#breadcrumb\"},\"inLanguage\":\"es\",\"potentialAction\":[{\"@type\":\"ReadAction\",\"target\":[\"https:\\\/\\\/retrogustofilms.com\\\/work\\\/la-fuerza-de-un-sueno\\\/\"]}]},{\"@type\":\"ImageObject\",\"inLanguage\":\"es\",\"@id\":\"https:\\\/\\\/retrogustofilms.com\\\/work\\\/la-fuerza-de-un-sueno\\\/#primaryimage\",\"url\":\"https:\\\/\\\/retrogustofilms.com\\\/wp-content\\\/uploads\\\/2020\\\/11\\\/Shell-Tierra-de-Campeones.png\",\"contentUrl\":\"https:\\\/\\\/retrogustofilms.com\\\/wp-content\\\/uploads\\\/2020\\\/11\\\/Shell-Tierra-de-Campeones.png\",\"width\":2048,\"height\":1152},{\"@type\":\"BreadcrumbList\",\"@id\":\"https:\\\/\\\/retrogustofilms.com\\\/work\\\/la-fuerza-de-un-sueno\\\/#breadcrumb\",\"itemListElement\":[{\"@type\":\"ListItem\",\"position\":1,\"name\":\"Home\",\"item\":\"https:\\\/\\\/retrogustofilms.com\\\/\"},{\"@type\":\"ListItem\",\"position\":2,\"name\":\"Work\",\"item\":\"https:\\\/\\\/retrogustofilms.com\\\/work\\\/\"},{\"@type\":\"ListItem\",\"position\":3,\"name\":\"Neisi: La fuerza de un sue\u00f1o\"}]},{\"@type\":\"WebSite\",\"@id\":\"https:\\\/\\\/retrogustofilms.com\\\/es\\\/#website\",\"url\":\"https:\\\/\\\/retrogustofilms.com\\\/es\\\/\",\"name\":\"Retrogusto Films Inc.\",\"description\":\"Video Production Company for Feature Films, and Corporate Videos\",\"potentialAction\":[{\"@type\":\"SearchAction\",\"target\":{\"@type\":\"EntryPoint\",\"urlTemplate\":\"https:\\\/\\\/retrogustofilms.com\\\/es\\\/?s={search_term_string}\"},\"query-input\":{\"@type\":\"PropertyValueSpecification\",\"valueRequired\":true,\"valueName\":\"search_term_string\"}}],\"inLanguage\":\"es\"}]}<\/script>\n<!-- \/ Yoast SEO plugin. -->","yoast_head_json":{"title":"Neisi: La fuerza de un sue\u00f1o | Retrogusto Films","robots":{"index":"index","follow":"follow","max-snippet":"max-snippet:-1","max-image-preview":"max-image-preview:large","max-video-preview":"max-video-preview:-1"},"canonical":"https:\/\/retrogustofilms.com\/es\/work\/la-fuerza-de-un-sueno\/","og_locale":"es_ES","og_type":"article","og_title":"Neisi: La fuerza de un sue\u00f1o | Retrogusto Films","og_description":"Feature Film - Documentary","og_url":"https:\/\/retrogustofilms.com\/es\/work\/la-fuerza-de-un-sueno\/","og_site_name":"Retrogusto Films","article_publisher":"https:\/\/www.facebook.com\/retrogustofilms","article_modified_time":"2023-10-13T04:34:47+00:00","og_image":[{"width":1024,"height":576,"url":"https:\/\/retrogustofilms.com\/wp-content\/uploads\/2020\/11\/Shell-Tierra-de-Campeones-1024x576.png","type":"image\/png"}],"twitter_card":"summary_large_image","twitter_site":"@RetrogustoFilms","twitter_misc":{"Est. reading time":"7 minutes"},"schema":{"@context":"https:\/\/schema.org","@graph":[{"@type":"WebPage","@id":"https:\/\/retrogustofilms.com\/work\/la-fuerza-de-un-sueno\/","url":"https:\/\/retrogustofilms.com\/work\/la-fuerza-de-un-sueno\/","name":"Neisi: La fuerza de un sue\u00f1o | Retrogusto Films","isPartOf":{"@id":"https:\/\/retrogustofilms.com\/es\/#website"},"primaryImageOfPage":{"@id":"https:\/\/retrogustofilms.com\/work\/la-fuerza-de-un-sueno\/#primaryimage"},"image":{"@id":"https:\/\/retrogustofilms.com\/work\/la-fuerza-de-un-sueno\/#primaryimage"},"thumbnailUrl":"https:\/\/retrogustofilms.com\/wp-content\/uploads\/2020\/11\/Shell-Tierra-de-Campeones.png","datePublished":"2020-10-16T05:57:14+00:00","dateModified":"2023-10-13T04:34:47+00:00","breadcrumb":{"@id":"https:\/\/retrogustofilms.com\/work\/la-fuerza-de-un-sueno\/#breadcrumb"},"inLanguage":"es","potentialAction":[{"@type":"ReadAction","target":["https:\/\/retrogustofilms.com\/work\/la-fuerza-de-un-sueno\/"]}]},{"@type":"ImageObject","inLanguage":"es","@id":"https:\/\/retrogustofilms.com\/work\/la-fuerza-de-un-sueno\/#primaryimage","url":"https:\/\/retrogustofilms.com\/wp-content\/uploads\/2020\/11\/Shell-Tierra-de-Campeones.png","contentUrl":"https:\/\/retrogustofilms.com\/wp-content\/uploads\/2020\/11\/Shell-Tierra-de-Campeones.png","width":2048,"height":1152},{"@type":"BreadcrumbList","@id":"https:\/\/retrogustofilms.com\/work\/la-fuerza-de-un-sueno\/#breadcrumb","itemListElement":[{"@type":"ListItem","position":1,"name":"Home","item":"https:\/\/retrogustofilms.com\/"},{"@type":"ListItem","position":2,"name":"Work","item":"https:\/\/retrogustofilms.com\/work\/"},{"@type":"ListItem","position":3,"name":"Neisi: La fuerza de un sue\u00f1o"}]},{"@type":"WebSite","@id":"https:\/\/retrogustofilms.com\/es\/#website","url":"https:\/\/retrogustofilms.com\/es\/","name":"Retrogusto Films Inc.","description":"Video Production Company for Feature Films, and Corporate Videos","potentialAction":[{"@type":"SearchAction","target":{"@type":"EntryPoint","urlTemplate":"https:\/\/retrogustofilms.com\/es\/?s={search_term_string}"},"query-input":{"@type":"PropertyValueSpecification","valueRequired":true,"valueName":"search_term_string"}}],"inLanguage":"es"}]}},"_links":{"self":[{"href":"https:\/\/retrogustofilms.com\/es\/wp-json\/wp\/v2\/pages\/195","targetHints":{"allow":["GET"]}}],"collection":[{"href":"https:\/\/retrogustofilms.com\/es\/wp-json\/wp\/v2\/pages"}],"about":[{"href":"https:\/\/retrogustofilms.com\/es\/wp-json\/wp\/v2\/types\/page"}],"author":[{"embeddable":true,"href":"https:\/\/retrogustofilms.com\/es\/wp-json\/wp\/v2\/users\/2"}],"replies":[{"embeddable":true,"href":"https:\/\/retrogustofilms.com\/es\/wp-json\/wp\/v2\/comments?post=195"}],"version-history":[{"count":264,"href":"https:\/\/retrogustofilms.com\/es\/wp-json\/wp\/v2\/pages\/195\/revisions"}],"predecessor-version":[{"id":1141,"href":"https:\/\/retrogustofilms.com\/es\/wp-json\/wp\/v2\/pages\/195\/revisions\/1141"}],"up":[{"embeddable":true,"href":"https:\/\/retrogustofilms.com\/es\/wp-json\/wp\/v2\/pages\/156"}],"wp:featuredmedia":[{"embeddable":true,"href":"https:\/\/retrogustofilms.com\/es\/wp-json\/wp\/v2\/media\/404"}],"wp:attachment":[{"href":"https:\/\/retrogustofilms.com\/es\/wp-json\/wp\/v2\/media?parent=195"}],"curies":[{"name":"wp","href":"https:\/\/api.w.org\/{rel}","templated":true}]}}