{"id":160,"date":"2020-10-15T22:27:59","date_gmt":"2020-10-15T22:27:59","guid":{"rendered":"https:\/\/retrogustofilms.com\/?page_id=160"},"modified":"2022-05-18T19:05:19","modified_gmt":"2022-05-19T00:05:19","slug":"contact","status":"publish","type":"page","link":"https:\/\/retrogustofilms.com\/es\/contact\/","title":{"rendered":"Contact"},"content":{"rendered":"<div class=\"wpb-content-wrapper\"><div data-parent=\"true\" class=\"vc_row row-container\" id=\"row-unique-0\"><div class=\"row limit-width row-parent\"><div class=\"wpb_row row-inner\"><div class=\"wpb_column pos-top pos-center align_left column_parent col-lg-12 single-internal-gutter\"><div class=\"uncol style-dark\"  ><div class=\"uncoltable\"><div class=\"uncell no-block-padding\" ><div class=\"uncont\"><div class=\"uncode-single-media  text-left\"><div class=\"single-wrapper\" style=\"max-width: 100%;\"><div class=\"uncode-single-media-wrapper single-advanced\"><div class=\"tmb tmb-light tmb-text-showed tmb-overlay-showed tmb-overlay-text-center  tmb-img-ratio tmb-media-first tmb-media-last tmb-content-overlay tmb-no-bg\" ><div class=\"t-inside\" ><div class=\"t-entry-visual\"><div class=\"t-entry-visual-tc\"><div class=\"t-entry-visual-cont\"><div class=\"dummy\" style=\"padding-top: 42.9%;\"><\/div><a tabindex=\"-1\" href=\"#\" class=\"inactive-link pushed\"><div class=\"t-entry-visual-overlay\"><div class=\"t-entry-visual-overlay-in style-dark-bg\" style=\"opacity: 0.2;\"><\/div><\/div><div class=\"t-overlay-wrap\"><div class=\"t-overlay-inner\">\n\t\t\t\t\t\t\t\t\t\t\t\t\t\t<div class=\"t-overlay-content\">\n\t\t\t\t\t\t\t\t\t\t\t\t\t\t\t<div class=\"t-overlay-text double-block-padding\"><div class=\"t-entry\"><h3 class=\"t-entry-title h1 font-151535 font-weight-700\">Contact<\/h3><\/div><\/div><\/div><\/div><\/div><img fetchpriority=\"high\" decoding=\"async\" class=\"wp-image-345\" src=\"https:\/\/retrogustofilms.com\/wp-content\/uploads\/2020\/10\/RetroG-Team-uai-2000x857.jpg\" width=\"2000\" height=\"857\" alt=\"\" \/><\/a><\/div>\n\t\t\t\t\t<\/div>\n\t\t\t\t<\/div><\/div><\/div><\/div><\/div><\/div><\/div><\/div><\/div><\/div><\/div><script id=\"script-row-unique-0\" data-row=\"script-row-unique-0\" type=\"text\/javascript\" class=\"vc_controls\">UNCODE.initRow(document.getElementById(\"row-unique-0\"));<\/script><\/div><\/div><\/div><div data-parent=\"true\" class=\"vc_row row-container\" id=\"row-unique-1\"><div class=\"row limit-width row-parent\"><div class=\"wpb_row row-inner\"><div class=\"wpb_column pos-top pos-center align_left column_parent col-lg-4 single-internal-gutter\"><div class=\"uncol style-dark\"  ><div class=\"uncoltable\"><div class=\"uncell no-block-padding\" ><div class=\"uncont\"><div class=\"uncode_text_column\" ><p><span style=\"color: #fbb040;\"><strong>Vancouver<\/strong><\/span> \u2013 Canad\u00e1<br \/>\n202 &#8211; 1160 Douglas Rd.<br \/>\nBurnaby BC V5C 4Z6<br \/>\n+1 604 442 9185<br \/>\nchristian.mejia@retrogustofilms.com<\/p>\n<\/div><div class=\"uncode-single-media  text-center\"><div class=\"single-wrapper\" style=\"max-width: 400px;\"><a class=\"single-media-link\" href=\"https:\/\/www.google.com\/maps\/place\/1160+Douglas+Rd,+Burnaby,+BC+V5C+4Z6\/@49.2745347,-123.0214041,17.11z\/data=!4m5!3m4!1s0x548670d24ad72b9f:0x40ae157e396716ac!8m2!3d49.2745352!4d-123.0193828\" target=\"_blank\"><div class=\"tmb tmb-light  tmb-media-first tmb-media-last tmb-content-overlay tmb-no-bg\"><div class=\"t-inside\"><div class=\"t-entry-visual\"><div class=\"t-entry-visual-tc\"><div class=\"uncode-single-media-wrapper\"><img decoding=\"async\" class=\"wp-image-359\" src=\"https:\/\/retrogustofilms.com\/wp-content\/uploads\/2020\/10\/Burnaby.png\" width=\"1810\" height=\"840\" alt=\"\" srcset=\"https:\/\/retrogustofilms.com\/wp-content\/uploads\/2020\/10\/Burnaby.png 1810w, https:\/\/retrogustofilms.com\/wp-content\/uploads\/2020\/10\/Burnaby-768x356.png 768w, https:\/\/retrogustofilms.com\/wp-content\/uploads\/2020\/10\/Burnaby-1536x713.png 1536w, https:\/\/retrogustofilms.com\/wp-content\/uploads\/2020\/10\/Burnaby-18x8.png 18w\" sizes=\"(max-width: 1810px) 100vw, 1810px\" \/><\/div>\n\t\t\t\t\t<\/div>\n\t\t\t\t<\/div><\/div><\/div><\/a><\/div><\/div><\/div><\/div><\/div><\/div><\/div><div class=\"wpb_column pos-top pos-center align_left column_parent col-lg-4 single-internal-gutter\"><div class=\"uncol style-dark\"  ><div class=\"uncoltable\"><div class=\"uncell no-block-padding\" ><div class=\"uncont\"><div class=\"uncode_text_column\" ><p><span style=\"color: #fbb040;\"><strong>Quito<\/strong><\/span> &#8211; Ecuador<br \/>\nAv. El Inca E1079 y Joaqu\u00edn Sumaita<br \/>\n+593 992726644<br \/>\ndaniel.yepez@retrogustofilms.com<br \/>\nirina.lopez@retrogustofilms.com<\/p>\n<\/div><div class=\"uncode-single-media  text-center\"><div class=\"single-wrapper\" style=\"max-width: 400px;\"><a class=\"single-media-link\" href=\"https:\/\/www.google.com\/maps\/place\/Joaqu%C3%ADn+Sumaita+%26+Avenida+El+Inca,+Quito+170138,+Ecuador\/@-0.1544604,-78.4778059,17z\/data=!3m1!4b1!4m5!3m4!1s0x91d59aa8218c6de9:0x96e9e4b97bc95a97!8m2!3d-0.1544604!4d-78.4756172\" target=\"_blank\"><div class=\"tmb tmb-light  tmb-media-first tmb-media-last tmb-content-overlay tmb-no-bg\"><div class=\"t-inside\"><div class=\"t-entry-visual\"><div class=\"t-entry-visual-tc\"><div class=\"uncode-single-media-wrapper\"><img decoding=\"async\" class=\"wp-image-361\" src=\"https:\/\/retrogustofilms.com\/wp-content\/uploads\/2020\/10\/Ecuador.png\" width=\"1810\" height=\"840\" alt=\"\" srcset=\"https:\/\/retrogustofilms.com\/wp-content\/uploads\/2020\/10\/Ecuador.png 1810w, https:\/\/retrogustofilms.com\/wp-content\/uploads\/2020\/10\/Ecuador-768x356.png 768w, https:\/\/retrogustofilms.com\/wp-content\/uploads\/2020\/10\/Ecuador-1536x713.png 1536w, https:\/\/retrogustofilms.com\/wp-content\/uploads\/2020\/10\/Ecuador-18x8.png 18w\" sizes=\"(max-width: 1810px) 100vw, 1810px\" \/><\/div>\n\t\t\t\t\t<\/div>\n\t\t\t\t<\/div><\/div><\/div><\/a><\/div><\/div><\/div><\/div><\/div><\/div><\/div><div class=\"wpb_column pos-top pos-center align_left column_parent col-lg-4 single-internal-gutter\"><div class=\"uncol style-dark\"  ><div class=\"uncoltable\"><div class=\"uncell no-block-padding\" ><div class=\"uncont\"><div class=\"uncode_text_column\" ><p><span style=\"color: #fbb040;\"><strong>Monterrey<\/strong><\/span> \u2013 M\u00e9xico<br \/>\nCalle Independencia # 163, San Pedro Garza Garcia, NL CP 66200<br \/>\n+52 81 17816331<br \/>\ngabriel.campillo@retrogustofilms.com<\/p>\n<\/div><div class=\"uncode-single-media  text-center\"><div class=\"single-wrapper\" style=\"max-width: 400px;\"><a class=\"single-media-link\" href=\"https:\/\/www.google.com\/maps\/place\/Independencia+163,+Casco+Urbano,+66230+San+Pedro+Garza+Garc%C3%ADa,+N.L.,+Mexico\/@25.641255,-100.4541152,13.06z\/data=!4m5!3m4!1s0x8662bd7c3186865d:0x7b0173f53e62082b!8m2!3d25.6655294!4d-100.4011742\" target=\"_blank\"><div class=\"tmb tmb-light  tmb-media-first tmb-media-last tmb-content-overlay tmb-no-bg\"><div class=\"t-inside\"><div class=\"t-entry-visual\"><div class=\"t-entry-visual-tc\"><div class=\"uncode-single-media-wrapper\"><img loading=\"lazy\" decoding=\"async\" class=\"wp-image-362\" src=\"https:\/\/retrogustofilms.com\/wp-content\/uploads\/2020\/10\/Mexico.png\" width=\"1810\" height=\"840\" alt=\"\" srcset=\"https:\/\/retrogustofilms.com\/wp-content\/uploads\/2020\/10\/Mexico.png 1810w, https:\/\/retrogustofilms.com\/wp-content\/uploads\/2020\/10\/Mexico-768x356.png 768w, https:\/\/retrogustofilms.com\/wp-content\/uploads\/2020\/10\/Mexico-1536x713.png 1536w, https:\/\/retrogustofilms.com\/wp-content\/uploads\/2020\/10\/Mexico-18x8.png 18w\" sizes=\"auto, (max-width: 1810px) 100vw, 1810px\" \/><\/div>\n\t\t\t\t\t<\/div>\n\t\t\t\t<\/div><\/div><\/div><\/a><\/div><\/div><\/div><\/div><\/div><\/div><\/div><script id=\"script-row-unique-1\" data-row=\"script-row-unique-1\" type=\"text\/javascript\" class=\"vc_controls\">UNCODE.initRow(document.getElementById(\"row-unique-1\"));<\/script><\/div><\/div><\/div><div data-parent=\"true\" class=\"vc_row row-container\" id=\"row-unique-2\"><div class=\"row double-top-padding double-bottom-padding single-h-padding limit-width row-parent\"><div class=\"wpb_row row-inner\"><div class=\"wpb_column pos-top pos-center align_center column_parent col-lg-12 single-internal-gutter\"><div class=\"uncol style-dark\"  ><div class=\"uncoltable\"><div class=\"uncell\" ><div class=\"uncont no-block-padding col-custom-width\" style=\"max-width:900px;\"><div class=\"vc_row row-internal row-container\"><div class=\"row row-child\"><div class=\"wpb_row row-inner\"><div class=\"wpb_column pos-top pos-center align_center column_child col-lg-12 single-internal-gutter\"><div class=\"uncol style-dark\" ><div class=\"uncoltable\"><div class=\"uncell no-block-padding\" ><div class=\"uncont\" style=\"max-width:696px;\"><div class=\"vc_custom_heading_wrap\"><div class=\"heading-text el-text\" ><h3 class=\"h1\" ><span><strong>PONTE EN CONTACTO CON NUESTRO EQUIPO<\/strong><\/span><\/h3><div class=\"text-lead text-top-reduced\"><p>\u00a1Escr\u00edbenos y haznos saber c\u00f3mo podemos ayudar a que tu pr\u00f3ximo proyecto cobre vida!<\/p>\n<\/div><\/div><div class=\"clear\"><\/div><\/div><\/div><\/div><\/div><\/div><\/div><\/div><\/div><\/div>\n<div class=\"wpcf7 no-js\" id=\"wpcf7-f110-o1\" lang=\"en-US\" dir=\"ltr\" data-wpcf7-id=\"110\">\n<div class=\"screen-reader-response\"><p role=\"status\" aria-live=\"polite\" aria-atomic=\"true\"><\/p> <ul><\/ul><\/div>\n<form action=\"\/es\/wp-json\/wp\/v2\/pages\/160#wpcf7-f110-o1\" method=\"post\" class=\"wpcf7-form init\" aria-label=\"Contact form\" novalidate=\"novalidate\" data-status=\"init\" data-trp-original-action=\"\/es\/wp-json\/wp\/v2\/pages\/160#wpcf7-f110-o1\">\n<fieldset class=\"hidden-fields-container\"><input type=\"hidden\" name=\"_wpcf7\" value=\"110\" \/><input type=\"hidden\" name=\"_wpcf7_version\" value=\"6.1.5\" \/><input type=\"hidden\" name=\"_wpcf7_locale\" value=\"en_US\" \/><input type=\"hidden\" name=\"_wpcf7_unit_tag\" value=\"wpcf7-f110-o1\" \/><input type=\"hidden\" name=\"_wpcf7_container_post\" value=\"0\" \/><input type=\"hidden\" name=\"_wpcf7_posted_data_hash\" value=\"\" \/>\n<\/fieldset>\n<p><span class=\"wpcf7-form-control-wrap\" data-name=\"your-fullname\"><input size=\"40\" maxlength=\"400\" class=\"wpcf7-form-control wpcf7-text wpcf7-validates-as-required form-fluid\" aria-required=\"true\" aria-invalid=\"false\" placeholder=\"Nombres Completos\" value=\"\" type=\"text\" name=\"your-fullname\" \/><\/span>\n<\/p>\n<div class=\"wpcf7-inline-wrapper\">\n\t<p class=\"wpcf7-inline-field\"><span class=\"wpcf7-form-control-wrap\" data-name=\"your-email\"><input size=\"40\" maxlength=\"400\" class=\"wpcf7-form-control wpcf7-email wpcf7-validates-as-required wpcf7-text wpcf7-validates-as-email\" aria-required=\"true\" aria-invalid=\"false\" placeholder=\"Correo Electr\u00f3nico\" value=\"\" type=\"email\" name=\"your-email\" \/><\/span>\n\t<\/p>\n\t<p class=\"wpcf7-inline-field\"><span class=\"wpcf7-form-control-wrap\" data-name=\"your-telephone\"><input size=\"40\" maxlength=\"400\" class=\"wpcf7-form-control wpcf7-text wpcf7-validates-as-required form-fluid\" aria-required=\"true\" aria-invalid=\"false\" placeholder=\"Tel\u00e9fono Celular\" value=\"\" type=\"text\" name=\"your-telephone\" \/><\/span>\n\t<\/p>\n<\/div>\n<p><span class=\"wpcf7-form-control-wrap\" data-name=\"your-message\"><textarea cols=\"40\" rows=\"8\" maxlength=\"2000\" class=\"wpcf7-form-control wpcf7-textarea\" aria-invalid=\"false\" placeholder=\"Mensaje\" name=\"your-message\"><\/textarea><\/span>\n<\/p>\n<p><input class=\"wpcf7-form-control wpcf7-submit has-spinner btn btn-accent\" type=\"submit\" value=\"ENVIAR MENSAJE\" \/>\n<\/p><div class=\"wpcf7-response-output\" aria-hidden=\"true\"><\/div>\n<input type=\"hidden\" name=\"trp-form-language\" value=\"es\"\/><\/form>\n<\/div>\n<\/div><\/div><\/div><\/div><\/div><script id=\"script-row-unique-2\" data-row=\"script-row-unique-2\" type=\"text\/javascript\" class=\"vc_controls\">UNCODE.initRow(document.getElementById(\"row-unique-2\"));<\/script><\/div><\/div><\/div>\n<\/div>","protected":false},"excerpt":{"rendered":"Contact Vancouver &#8211; Canada 202 &#8211; 1160 Douglas Rd. Burnaby BC V5C 4Z6 +1 604 442 9185 christian.mejia@retrogustofilms.com Quito &#8211; [...]","protected":false},"author":2,"featured_media":0,"parent":0,"menu_order":0,"comment_status":"closed","ping_status":"closed","template":"","meta":{"footnotes":""},"class_list":["post-160","page","type-page","status-publish","hentry"],"yoast_head":"<!-- This site is optimized with the Yoast SEO plugin v27.4 - https:\/\/yoast.com\/product\/yoast-seo-wordpress\/ -->\n<title>Contact | Retrogusto Films<\/title>\n<meta name=\"robots\" content=\"index, follow, max-snippet:-1, max-image-preview:large, max-video-preview:-1\" \/>\n<link rel=\"canonical\" href=\"https:\/\/retrogustofilms.com\/es\/contact\/\" \/>\n<meta property=\"og:locale\" content=\"es_ES\" \/>\n<meta property=\"og:type\" content=\"article\" \/>\n<meta property=\"og:title\" content=\"Contact | Retrogusto Films\" \/>\n<meta property=\"og:url\" content=\"https:\/\/retrogustofilms.com\/es\/contact\/\" \/>\n<meta property=\"og:site_name\" content=\"Retrogusto Films\" \/>\n<meta property=\"article:publisher\" content=\"https:\/\/www.facebook.com\/retrogustofilms\" \/>\n<meta property=\"article:modified_time\" content=\"2022-05-19T00:05:19+00:00\" \/>\n<meta name=\"twitter:card\" content=\"summary_large_image\" \/>\n<meta name=\"twitter:site\" content=\"@RetrogustoFilms\" \/>\n<meta name=\"twitter:label1\" content=\"Est. reading time\" \/>\n\t<meta name=\"twitter:data1\" content=\"1 minute\" \/>\n<script type=\"application\/ld+json\" class=\"yoast-schema-graph\">{\"@context\":\"https:\\\/\\\/schema.org\",\"@graph\":[{\"@type\":\"WebPage\",\"@id\":\"https:\\\/\\\/retrogustofilms.com\\\/es\\\/contact\\\/\",\"url\":\"https:\\\/\\\/retrogustofilms.com\\\/es\\\/contact\\\/\",\"name\":\"Contact | Retrogusto Films\",\"isPartOf\":{\"@id\":\"https:\\\/\\\/retrogustofilms.com\\\/es\\\/#website\"},\"datePublished\":\"2020-10-15T22:27:59+00:00\",\"dateModified\":\"2022-05-19T00:05:19+00:00\",\"breadcrumb\":{\"@id\":\"https:\\\/\\\/retrogustofilms.com\\\/es\\\/contact\\\/#breadcrumb\"},\"inLanguage\":\"es\",\"potentialAction\":[{\"@type\":\"ReadAction\",\"target\":[\"https:\\\/\\\/retrogustofilms.com\\\/es\\\/contact\\\/\"]}]},{\"@type\":\"BreadcrumbList\",\"@id\":\"https:\\\/\\\/retrogustofilms.com\\\/es\\\/contact\\\/#breadcrumb\",\"itemListElement\":[{\"@type\":\"ListItem\",\"position\":1,\"name\":\"Home\",\"item\":\"https:\\\/\\\/retrogustofilms.com\\\/\"},{\"@type\":\"ListItem\",\"position\":2,\"name\":\"Contact\"}]},{\"@type\":\"WebSite\",\"@id\":\"https:\\\/\\\/retrogustofilms.com\\\/es\\\/#website\",\"url\":\"https:\\\/\\\/retrogustofilms.com\\\/es\\\/\",\"name\":\"Retrogusto Films Inc.\",\"description\":\"Video Production Company for Feature Films, and Corporate Videos\",\"potentialAction\":[{\"@type\":\"SearchAction\",\"target\":{\"@type\":\"EntryPoint\",\"urlTemplate\":\"https:\\\/\\\/retrogustofilms.com\\\/es\\\/?s={search_term_string}\"},\"query-input\":{\"@type\":\"PropertyValueSpecification\",\"valueRequired\":true,\"valueName\":\"search_term_string\"}}],\"inLanguage\":\"es\"}]}<\/script>\n<!-- \/ Yoast SEO plugin. -->","yoast_head_json":{"title":"Contact | Retrogusto Films","robots":{"index":"index","follow":"follow","max-snippet":"max-snippet:-1","max-image-preview":"max-image-preview:large","max-video-preview":"max-video-preview:-1"},"canonical":"https:\/\/retrogustofilms.com\/es\/contact\/","og_locale":"es_ES","og_type":"article","og_title":"Contact | Retrogusto Films","og_url":"https:\/\/retrogustofilms.com\/es\/contact\/","og_site_name":"Retrogusto Films","article_publisher":"https:\/\/www.facebook.com\/retrogustofilms","article_modified_time":"2022-05-19T00:05:19+00:00","twitter_card":"summary_large_image","twitter_site":"@RetrogustoFilms","twitter_misc":{"Est. reading time":"1 minute"},"schema":{"@context":"https:\/\/schema.org","@graph":[{"@type":"WebPage","@id":"https:\/\/retrogustofilms.com\/es\/contact\/","url":"https:\/\/retrogustofilms.com\/es\/contact\/","name":"Contact | Retrogusto Films","isPartOf":{"@id":"https:\/\/retrogustofilms.com\/es\/#website"},"datePublished":"2020-10-15T22:27:59+00:00","dateModified":"2022-05-19T00:05:19+00:00","breadcrumb":{"@id":"https:\/\/retrogustofilms.com\/es\/contact\/#breadcrumb"},"inLanguage":"es","potentialAction":[{"@type":"ReadAction","target":["https:\/\/retrogustofilms.com\/es\/contact\/"]}]},{"@type":"BreadcrumbList","@id":"https:\/\/retrogustofilms.com\/es\/contact\/#breadcrumb","itemListElement":[{"@type":"ListItem","position":1,"name":"Home","item":"https:\/\/retrogustofilms.com\/"},{"@type":"ListItem","position":2,"name":"Contact"}]},{"@type":"WebSite","@id":"https:\/\/retrogustofilms.com\/es\/#website","url":"https:\/\/retrogustofilms.com\/es\/","name":"Retrogusto Films Inc.","description":"Video Production Company for Feature Films, and Corporate Videos","potentialAction":[{"@type":"SearchAction","target":{"@type":"EntryPoint","urlTemplate":"https:\/\/retrogustofilms.com\/es\/?s={search_term_string}"},"query-input":{"@type":"PropertyValueSpecification","valueRequired":true,"valueName":"search_term_string"}}],"inLanguage":"es"}]}},"_links":{"self":[{"href":"https:\/\/retrogustofilms.com\/es\/wp-json\/wp\/v2\/pages\/160","targetHints":{"allow":["GET"]}}],"collection":[{"href":"https:\/\/retrogustofilms.com\/es\/wp-json\/wp\/v2\/pages"}],"about":[{"href":"https:\/\/retrogustofilms.com\/es\/wp-json\/wp\/v2\/types\/page"}],"author":[{"embeddable":true,"href":"https:\/\/retrogustofilms.com\/es\/wp-json\/wp\/v2\/users\/2"}],"replies":[{"embeddable":true,"href":"https:\/\/retrogustofilms.com\/es\/wp-json\/wp\/v2\/comments?post=160"}],"version-history":[{"count":20,"href":"https:\/\/retrogustofilms.com\/es\/wp-json\/wp\/v2\/pages\/160\/revisions"}],"predecessor-version":[{"id":596,"href":"https:\/\/retrogustofilms.com\/es\/wp-json\/wp\/v2\/pages\/160\/revisions\/596"}],"wp:attachment":[{"href":"https:\/\/retrogustofilms.com\/es\/wp-json\/wp\/v2\/media?parent=160"}],"curies":[{"name":"wp","href":"https:\/\/api.w.org\/{rel}","templated":true}]}}