{"id":158,"date":"2020-10-15T22:26:43","date_gmt":"2020-10-15T22:26:43","guid":{"rendered":"https:\/\/retrogustofilms.com\/?page_id=158"},"modified":"2022-05-18T18:53:33","modified_gmt":"2022-05-18T23:53:33","slug":"production-services","status":"publish","type":"page","link":"https:\/\/retrogustofilms.com\/es\/production-services\/","title":{"rendered":"Servicios de Producci\u00f3n"},"content":{"rendered":"<div class=\"wpb-content-wrapper\"><div data-parent=\"true\" class=\"vc_row row-container\" id=\"row-unique-0\"><div class=\"row limit-width row-parent\"><div class=\"wpb_row row-inner\"><div class=\"wpb_column pos-top pos-center align_left column_parent col-lg-12 single-internal-gutter\"><div class=\"uncol style-dark\"  ><div class=\"uncoltable\"><div class=\"uncell no-block-padding\" ><div class=\"uncont\"><div class=\"uncode-single-media  text-left\"><div class=\"single-wrapper\" style=\"max-width: 100%;\"><div class=\"uncode-single-media-wrapper single-advanced\"><div class=\"tmb tmb-light tmb-text-showed tmb-overlay-showed tmb-overlay-text-center  tmb-img-ratio tmb-media-first tmb-media-last tmb-content-overlay tmb-no-bg\" ><div class=\"t-inside\" ><div class=\"t-entry-visual\"><div class=\"t-entry-visual-tc\"><div class=\"t-entry-visual-cont\"><div class=\"dummy\" style=\"padding-top: 42.9%;\"><\/div><a tabindex=\"-1\" href=\"#\" class=\"inactive-link pushed\"><div class=\"t-entry-visual-overlay\"><div class=\"t-entry-visual-overlay-in style-dark-bg\" style=\"opacity: 0.2;\"><\/div><\/div><div class=\"t-overlay-wrap\"><div class=\"t-overlay-inner\">\n\t\t\t\t\t\t\t\t\t\t\t\t\t\t<div class=\"t-overlay-content\">\n\t\t\t\t\t\t\t\t\t\t\t\t\t\t\t<div class=\"t-overlay-text double-block-padding\"><div class=\"t-entry\"><h3 class=\"t-entry-title fontsize-153656 font-151535 font-weight-700\">Servicios de Producci\u00f3n<\/h3><\/div><\/div><\/div><\/div><\/div><img fetchpriority=\"high\" decoding=\"async\" class=\"wp-image-81\" src=\"https:\/\/retrogustofilms.com\/wp-content\/uploads\/2019\/03\/DSC7942-scaled-uai-2560x1097.jpg\" width=\"2560\" height=\"1097\" alt=\"\" \/><\/a><\/div>\n\t\t\t\t\t<\/div>\n\t\t\t\t<\/div><\/div><\/div><\/div><\/div><\/div><\/div><\/div><\/div><\/div><\/div><script id=\"script-row-unique-0\" data-row=\"script-row-unique-0\" type=\"text\/javascript\" class=\"vc_controls\">UNCODE.initRow(document.getElementById(\"row-unique-0\"));<\/script><\/div><\/div><\/div><div data-parent=\"true\" class=\"vc_row row-container\" id=\"row-unique-1\"><div class=\"row limit-width row-parent\"><div class=\"wpb_row row-inner\"><div class=\"wpb_column pos-top pos-center align_left column_parent col-lg-6 single-internal-gutter\"><div class=\"uncol style-dark\"  ><div class=\"uncoltable\"><div class=\"uncell no-block-padding\" ><div class=\"uncont\"><div class=\"uncode_text_column\" ><p>Cada pel\u00edcula se hace al menos tres veces, en tres pasos. El primer paso es cuando escribes, adaptas o creas un guion o tratamiento de la historia que vas a contar, el segundo paso es cuando filmas, animas o creas arte para convertir una pel\u00edcula o serie en una escena viva, y el tercer paso es cuando llevas todas las tomas a la suite de posproducci\u00f3n donde cortas y haces que suceda la magia al agregar m\u00fasica, sonido, color, voz en off, texto y efectos visuales.<\/p>\n<\/div><\/div><\/div><\/div><\/div><\/div><div class=\"wpb_column pos-top pos-center align_left column_parent col-lg-6 single-internal-gutter\"><div class=\"uncol style-dark\"  ><div class=\"uncoltable\"><div class=\"uncell no-block-padding\" ><div class=\"uncont\"><div class=\"uncode_text_column\" ><p>En retrogusto vemos esto como una valiosa receta para crear contenido de buen gusto. Cada paso se toma con cuidado sabiendo que es \u00fanico en su forma. Ponemos atenci\u00f3n detallada a las necesidades espec\u00edficas, formato, presupuesto y necesidades del producto final.<\/p>\n<p>Centralizamos el poder de las buenas historias y las buenas personas. Esta es nuestra historia. Esto es lo que hacemos.<\/p>\n<\/div><\/div><\/div><\/div><\/div><\/div><script id=\"script-row-unique-1\" data-row=\"script-row-unique-1\" type=\"text\/javascript\" class=\"vc_controls\">UNCODE.initRow(document.getElementById(\"row-unique-1\"));<\/script><\/div><\/div><\/div><div data-parent=\"true\" class=\"vc_row row-container tablet-hidden mobile-hidden\" id=\"row-unique-2\"><div class=\"row no-top-padding no-bottom-padding no-h-padding limit-width row-parent\"><div class=\"wpb_row row-inner\"><div class=\"wpb_column pos-top pos-center align_left column_parent col-lg-12 single-internal-gutter\"><div class=\"uncol style-dark\"  ><div class=\"uncoltable\"><div class=\"uncell no-block-padding\" ><div class=\"uncont\"><div class=\"divider-wrapper\"  >\n    <hr class=\"border-,Default-color separator-no-padding\"  \/>\n<\/div>\n<\/div><\/div><\/div><\/div><\/div><script id=\"script-row-unique-2\" data-row=\"script-row-unique-2\" type=\"text\/javascript\" class=\"vc_controls\">UNCODE.initRow(document.getElementById(\"row-unique-2\"));<\/script><\/div><\/div><\/div><div data-parent=\"true\" class=\"vc_row row-container\" id=\"row-unique-3\"><div class=\"row limit-width row-parent\"><div class=\"wpb_row row-inner\"><div class=\"wpb_column pos-middle pos-center align_left column_parent col-lg-12 single-internal-gutter\"><div class=\"uncol style-dark\"  ><div class=\"uncoltable\"><div class=\"uncell no-block-padding\" ><div class=\"uncont\"><div class=\"icon-box icon-box-left  icon-media-image\" ><div class=\"icon-box-icon fa-container\" style=\"width:150px;\"><span class=\"text-default-color btn-disable-hover\"><img decoding=\"async\" class=\"\" src=\"https:\/\/retrogustofilms.com\/wp-content\/uploads\/2020\/10\/Video-Production-2.png\" width=\"150\" height=\"150\" alt=\"\"  \/><\/span><\/div><div class=\"icon-box-content\"><div class=\"icon-box-heading icon-box-fa-1x\"><h3 class=\"h4\">Servicios de Producci\u00f3n y Co-Producci\u00f3n<\/h3><\/div><p class=\"text-lead\"><span class=\"font-555555\">Trabajamos con artistas, productores, directores, productoras y estudios en el desarrollo y producci\u00f3n de largometrajes, animaciones y series. Servimos como productora en Canad\u00e1 y en cualquier pa\u00eds de Latinoam\u00e9rica. Superamos las barreras culturales, ling\u00fc\u00edsticas, legales y financieras entre estos dos territorios como productores locales, facilitadores o showrunners.<\/span><\/p>\n<\/div><\/div><div class=\"icon-box icon-box-left  icon-media-image\" ><div class=\"icon-box-icon fa-container\" style=\"width:150px;\"><span class=\"text-default-color btn-disable-hover\"><img decoding=\"async\" class=\"\" src=\"https:\/\/retrogustofilms.com\/wp-content\/uploads\/2020\/10\/post-poroduction.png\" width=\"150\" height=\"150\" alt=\"\"  \/><\/span><\/div><div class=\"icon-box-content\"><div class=\"icon-box-heading icon-box-fa-1x\"><h3 class=\"h4\">Servicios de Post Producci\u00f3n<\/h3><\/div><p class=\"text-lead\"><span class=\"font-555555\">Nuestras suites in-house en Vancouver, Quito y Monterrey ofrecen servicios de postproducci\u00f3n de calidad para edici\u00f3n, correcci\u00f3n de color, dise\u00f1o de sonido, composici\u00f3n musical, creaci\u00f3n de gr\u00e1ficos, grabaci\u00f3n de voz en off, subt\u00edtulos y mezcla final de audio.\u00a0<\/span><\/p>\n<\/div><\/div><div class=\"icon-box icon-box-left  icon-media-image\" ><div class=\"icon-box-icon fa-container\" style=\"width:150px;\"><span class=\"text-default-color btn-disable-hover\"><img loading=\"lazy\" decoding=\"async\" class=\"\" src=\"https:\/\/retrogustofilms.com\/wp-content\/uploads\/2020\/10\/script-writing.png\" width=\"150\" height=\"150\" alt=\"\"  \/><\/span><\/div><div class=\"icon-box-content\"><div class=\"icon-box-heading icon-box-fa-1x\"><h3 class=\"h4\">Servicios de Desarrollo de Guiones y Script Doctor<\/h3><\/div><p class=\"text-lead\"><span class=\"font-555555\">Te ayudamos a llevar tu idea a un guion o tratamiento y esto a su vez a un guion de rodaje. Podemos ayudarte a traducir la palabra escrita a la pantalla, a obtener notas de guionistas profesionales e instituciones asociadas que trabajan con una mentalidad de producci\u00f3n. El desarrollo y an\u00e1lisis de la historia es el coraz\u00f3n de todas las producciones. Como sabes, la historia es la reina.\u00a0<\/span><\/p>\n<\/div><\/div><div class=\"icon-box icon-box-left  icon-media-image\" ><div class=\"icon-box-icon fa-container\" style=\"width:150px;\"><span class=\"text-default-color btn-disable-hover\"><img loading=\"lazy\" decoding=\"async\" class=\"\" src=\"https:\/\/retrogustofilms.com\/wp-content\/uploads\/2020\/10\/producing.png\" width=\"150\" height=\"150\" alt=\"\"  \/><\/span><\/div><div class=\"icon-box-content\"><div class=\"icon-box-heading icon-box-fa-1x\"><h3 class=\"h4\">Servicios Profesionales de Fot\u00f3grafos y Camar\u00f3grafos<\/h3><\/div><p class=\"text-lead\"><span class=\"font-555555\">Como artistas, nos encanta estar constantemente creando contenido y la producci\u00f3n de fotos y videos nos brinda esa oportunidad. Nuestra pasi\u00f3n es lo que vemos en el cuadro, ese es nuestro mundo. Queremos trabajar con emprendedores, familias, due\u00f1os de empresas, parejas o individuos que necesiten de servicios de fotograf\u00eda o video profesional. Cont\u00e1ctanos mediante tel\u00e9fono o env\u00edanos un mensaje y cu\u00e9ntanos tus necesidades.\u00a0<\/span><\/p>\n<\/div><\/div><\/div><\/div><\/div><\/div><\/div><script id=\"script-row-unique-3\" data-row=\"script-row-unique-3\" type=\"text\/javascript\" class=\"vc_controls\">UNCODE.initRow(document.getElementById(\"row-unique-3\"));<\/script><\/div><\/div><\/div><div data-parent=\"true\" class=\"vc_row row-container\" id=\"row-unique-4\"><div class=\"row limit-width row-parent\"><div class=\"wpb_row row-inner\"><div class=\"wpb_column pos-middle pos-center align_left column_parent col-lg-12 single-internal-gutter\"><div class=\"uncol style-dark\"  ><div class=\"uncoltable\"><div class=\"uncell no-block-padding\" ><div class=\"uncont\"><\/div><\/div><\/div><\/div><\/div><script id=\"script-row-unique-4\" data-row=\"script-row-unique-4\" type=\"text\/javascript\" class=\"vc_controls\">UNCODE.initRow(document.getElementById(\"row-unique-4\"));<\/script><\/div><\/div><\/div>\n<\/div>","protected":false},"excerpt":{"rendered":"Production Services Each film gets made at least three times, in three steps. First step is when you write, option, [...]","protected":false},"author":2,"featured_media":0,"parent":0,"menu_order":0,"comment_status":"closed","ping_status":"closed","template":"","meta":{"footnotes":""},"class_list":["post-158","page","type-page","status-publish","hentry"],"yoast_head":"<!-- This site is optimized with the Yoast SEO plugin v27.5 - https:\/\/yoast.com\/product\/yoast-seo-wordpress\/ -->\n<title>Production Services | Retrogusto Films<\/title>\n<meta name=\"robots\" content=\"index, follow, max-snippet:-1, max-image-preview:large, max-video-preview:-1\" \/>\n<link rel=\"canonical\" href=\"https:\/\/retrogustofilms.com\/es\/production-services\/\" \/>\n<meta property=\"og:locale\" content=\"es_ES\" \/>\n<meta property=\"og:type\" content=\"article\" \/>\n<meta property=\"og:title\" content=\"Production Services | Retrogusto Films\" \/>\n<meta property=\"og:url\" content=\"https:\/\/retrogustofilms.com\/es\/production-services\/\" \/>\n<meta property=\"og:site_name\" content=\"Retrogusto Films\" \/>\n<meta property=\"article:publisher\" content=\"https:\/\/www.facebook.com\/retrogustofilms\" \/>\n<meta property=\"article:modified_time\" content=\"2022-05-18T23:53:33+00:00\" \/>\n<meta name=\"twitter:card\" content=\"summary_large_image\" \/>\n<meta name=\"twitter:site\" content=\"@RetrogustoFilms\" \/>\n<meta name=\"twitter:label1\" content=\"Est. reading time\" \/>\n\t<meta name=\"twitter:data1\" content=\"3 minutes\" \/>\n<script type=\"application\/ld+json\" class=\"yoast-schema-graph\">{\"@context\":\"https:\\\/\\\/schema.org\",\"@graph\":[{\"@type\":\"WebPage\",\"@id\":\"https:\\\/\\\/retrogustofilms.com\\\/es\\\/production-services\\\/\",\"url\":\"https:\\\/\\\/retrogustofilms.com\\\/es\\\/production-services\\\/\",\"name\":\"Production Services | Retrogusto Films\",\"isPartOf\":{\"@id\":\"https:\\\/\\\/retrogustofilms.com\\\/es\\\/#website\"},\"datePublished\":\"2020-10-15T22:26:43+00:00\",\"dateModified\":\"2022-05-18T23:53:33+00:00\",\"breadcrumb\":{\"@id\":\"https:\\\/\\\/retrogustofilms.com\\\/es\\\/production-services\\\/#breadcrumb\"},\"inLanguage\":\"es\",\"potentialAction\":[{\"@type\":\"ReadAction\",\"target\":[\"https:\\\/\\\/retrogustofilms.com\\\/es\\\/production-services\\\/\"]}]},{\"@type\":\"BreadcrumbList\",\"@id\":\"https:\\\/\\\/retrogustofilms.com\\\/es\\\/production-services\\\/#breadcrumb\",\"itemListElement\":[{\"@type\":\"ListItem\",\"position\":1,\"name\":\"Home\",\"item\":\"https:\\\/\\\/retrogustofilms.com\\\/\"},{\"@type\":\"ListItem\",\"position\":2,\"name\":\"Production Services\"}]},{\"@type\":\"WebSite\",\"@id\":\"https:\\\/\\\/retrogustofilms.com\\\/es\\\/#website\",\"url\":\"https:\\\/\\\/retrogustofilms.com\\\/es\\\/\",\"name\":\"Retrogusto Films Inc.\",\"description\":\"Video Production Company for Feature Films, and Corporate Videos\",\"potentialAction\":[{\"@type\":\"SearchAction\",\"target\":{\"@type\":\"EntryPoint\",\"urlTemplate\":\"https:\\\/\\\/retrogustofilms.com\\\/es\\\/?s={search_term_string}\"},\"query-input\":{\"@type\":\"PropertyValueSpecification\",\"valueRequired\":true,\"valueName\":\"search_term_string\"}}],\"inLanguage\":\"es\"}]}<\/script>\n<!-- \/ Yoast SEO plugin. -->","yoast_head_json":{"title":"Production Services | Retrogusto Films","robots":{"index":"index","follow":"follow","max-snippet":"max-snippet:-1","max-image-preview":"max-image-preview:large","max-video-preview":"max-video-preview:-1"},"canonical":"https:\/\/retrogustofilms.com\/es\/production-services\/","og_locale":"es_ES","og_type":"article","og_title":"Production Services | Retrogusto Films","og_url":"https:\/\/retrogustofilms.com\/es\/production-services\/","og_site_name":"Retrogusto Films","article_publisher":"https:\/\/www.facebook.com\/retrogustofilms","article_modified_time":"2022-05-18T23:53:33+00:00","twitter_card":"summary_large_image","twitter_site":"@RetrogustoFilms","twitter_misc":{"Est. reading time":"3 minutes"},"schema":{"@context":"https:\/\/schema.org","@graph":[{"@type":"WebPage","@id":"https:\/\/retrogustofilms.com\/es\/production-services\/","url":"https:\/\/retrogustofilms.com\/es\/production-services\/","name":"Production Services | Retrogusto Films","isPartOf":{"@id":"https:\/\/retrogustofilms.com\/es\/#website"},"datePublished":"2020-10-15T22:26:43+00:00","dateModified":"2022-05-18T23:53:33+00:00","breadcrumb":{"@id":"https:\/\/retrogustofilms.com\/es\/production-services\/#breadcrumb"},"inLanguage":"es","potentialAction":[{"@type":"ReadAction","target":["https:\/\/retrogustofilms.com\/es\/production-services\/"]}]},{"@type":"BreadcrumbList","@id":"https:\/\/retrogustofilms.com\/es\/production-services\/#breadcrumb","itemListElement":[{"@type":"ListItem","position":1,"name":"Home","item":"https:\/\/retrogustofilms.com\/"},{"@type":"ListItem","position":2,"name":"Production Services"}]},{"@type":"WebSite","@id":"https:\/\/retrogustofilms.com\/es\/#website","url":"https:\/\/retrogustofilms.com\/es\/","name":"Retrogusto Films Inc.","description":"Video Production Company for Feature Films, and Corporate Videos","potentialAction":[{"@type":"SearchAction","target":{"@type":"EntryPoint","urlTemplate":"https:\/\/retrogustofilms.com\/es\/?s={search_term_string}"},"query-input":{"@type":"PropertyValueSpecification","valueRequired":true,"valueName":"search_term_string"}}],"inLanguage":"es"}]}},"_links":{"self":[{"href":"https:\/\/retrogustofilms.com\/es\/wp-json\/wp\/v2\/pages\/158","targetHints":{"allow":["GET"]}}],"collection":[{"href":"https:\/\/retrogustofilms.com\/es\/wp-json\/wp\/v2\/pages"}],"about":[{"href":"https:\/\/retrogustofilms.com\/es\/wp-json\/wp\/v2\/types\/page"}],"author":[{"embeddable":true,"href":"https:\/\/retrogustofilms.com\/es\/wp-json\/wp\/v2\/users\/2"}],"replies":[{"embeddable":true,"href":"https:\/\/retrogustofilms.com\/es\/wp-json\/wp\/v2\/comments?post=158"}],"version-history":[{"count":29,"href":"https:\/\/retrogustofilms.com\/es\/wp-json\/wp\/v2\/pages\/158\/revisions"}],"predecessor-version":[{"id":593,"href":"https:\/\/retrogustofilms.com\/es\/wp-json\/wp\/v2\/pages\/158\/revisions\/593"}],"wp:attachment":[{"href":"https:\/\/retrogustofilms.com\/es\/wp-json\/wp\/v2\/media?parent=158"}],"curies":[{"name":"wp","href":"https:\/\/api.w.org\/{rel}","templated":true}]}}